{"id":8,"date":"2022-03-02T22:58:02","date_gmt":"2022-03-02T21:58:02","guid":{"rendered":"https:\/\/www.alternativeyoga.fr\/?page_id=8"},"modified":"2022-07-10T21:20:08","modified_gmt":"2022-07-10T19:20:08","slug":"accueil","status":"publish","type":"page","link":"https:\/\/www.alternativeyoga.fr\/","title":{"rendered":"Accueil"},"content":{"rendered":"\n<p>Apr\u00e8s la pratique du viniyoga pendant plusieurs ann\u00e9es, form\u00e9e \u00e0 l\u2019\u00e9cole de n\u00e2tha-yoga de Christian THIKOMIROFF, je vous propose une pratique visant \u00e0 l\u2019harmonie et \u00e0 l\u2019\u00e9quilibre.<br>Le n\u00e2tha-yoga est une pratique originaire de l\u2019Inde et correspond \u00e0&nbsp;un des courants du yoga tantrique. Variation technique du hatha yoga, c&#8217;est aussi une philosophie de vie, qui vise \u00e0 \u00e9veiller l\u2019humain \u00e0 travers le travail spirituel, \u00e9nerg\u00e9tique, physique. Transmis par un ma\u00eetre de yoga, \u00e9galement appel\u00e9&nbsp;yoga du souffle ou de l\u2019\u00e9nergie, c&#8217;est une pratique qui implique \u00e0 la fois :<br>\u2022&nbsp;l\u2019esprit et le corps \u2022&nbsp;la ma\u00eetrise du souffle \u2022&nbsp;l&#8217;\u00e9nergie corporelle \u2022&nbsp;le mental \u2022&nbsp;la spiritualit\u00e9 \u2022l\u2019\u00e9nergie environnante.<br>Le yoga, \u00e0 travers les diff\u00e9rentes pratiques, accompagne chacun sur son chemin de vie.<br>C\u2019est aussi une pratique th\u00e9rapeutique d\u2019am\u00e9lioration de la sant\u00e9. <\/p>\n","protected":false},"excerpt":{"rendered":"<p>Apr\u00e8s la pratique du viniyoga pendant plusieurs ann\u00e9es, form\u00e9e \u00e0 l\u2019\u00e9cole de n\u00e2tha-yoga de Christian THIKOMIROFF, je vous propose une pratique visant \u00e0 l\u2019harmonie et \u00e0 l\u2019\u00e9quilibre.Le n\u00e2tha-yoga est une pratique originaire de l\u2019Inde et correspond \u00e0&nbsp;un des courants du yoga tantrique. Variation technique du hatha yoga, c&#8217;est aussi une philosophie de vie, qui vise &hellip; <\/p>\n<p class=\"link-more\"><a href=\"https:\/\/www.alternativeyoga.fr\/\" class=\"more-link\">Continue reading<span class=\"screen-reader-text\"> &#8220;Accueil&#8221;<\/span><\/a><\/p>\n","protected":false},"author":1,"featured_media":0,"parent":0,"menu_order":0,"comment_status":"closed","ping_status":"closed","template":"","meta":{"footnotes":""},"class_list":["post-8","page","type-page","status-publish","hentry"],"yoast_head":"<!-- This site is optimized with the Yoast SEO plugin v18.9 - https:\/\/yoast.com\/wordpress\/plugins\/seo\/ -->\n<title>Accueil - ALTERNATIVE YOGA<\/title>\n<meta name=\"robots\" content=\"index, follow, max-snippet:-1, max-image-preview:large, max-video-preview:-1\" \/>\n<link rel=\"canonical\" href=\"https:\/\/www.alternativeyoga.fr\/\" \/>\n<meta property=\"og:locale\" content=\"en_US\" \/>\n<meta property=\"og:type\" content=\"article\" \/>\n<meta property=\"og:title\" content=\"Accueil - ALTERNATIVE YOGA\" \/>\n<meta property=\"og:description\" content=\"Apr\u00e8s la pratique du viniyoga pendant plusieurs ann\u00e9es, form\u00e9e \u00e0 l\u2019\u00e9cole de n\u00e2tha-yoga de Christian THIKOMIROFF, je vous propose une pratique visant \u00e0 l\u2019harmonie et \u00e0 l\u2019\u00e9quilibre.Le n\u00e2tha-yoga est une pratique originaire de l\u2019Inde et correspond \u00e0&nbsp;un des courants du yoga tantrique. Variation technique du hatha yoga, c&#8217;est aussi une philosophie de vie, qui vise &hellip; Continue reading &quot;Accueil&quot;\" \/>\n<meta property=\"og:url\" content=\"https:\/\/www.alternativeyoga.fr\/\" \/>\n<meta property=\"og:site_name\" content=\"ALTERNATIVE YOGA\" \/>\n<meta property=\"article:publisher\" content=\"https:\/\/www.facebook.com\/Alternative-yoga-102173168912630\" \/>\n<meta property=\"article:modified_time\" content=\"2022-07-10T19:20:08+00:00\" \/>\n<meta name=\"twitter:card\" content=\"summary_large_image\" \/>\n<meta name=\"twitter:label1\" content=\"Est. reading time\" \/>\n\t<meta name=\"twitter:data1\" content=\"1 minute\" \/>\n<script type=\"application\/ld+json\" class=\"yoast-schema-graph\">{\"@context\":\"https:\/\/schema.org\",\"@graph\":[{\"@type\":\"WebSite\",\"@id\":\"https:\/\/www.alternativeyoga.fr\/#website\",\"url\":\"https:\/\/www.alternativeyoga.fr\/\",\"name\":\"ALTERNATIVE YOGA\",\"description\":\"Cours de Hatha yoga, yoga nidra, m\u00e9ditation, sophrologie\",\"potentialAction\":[{\"@type\":\"SearchAction\",\"target\":{\"@type\":\"EntryPoint\",\"urlTemplate\":\"https:\/\/www.alternativeyoga.fr\/?s={search_term_string}\"},\"query-input\":\"required name=search_term_string\"}],\"inLanguage\":\"en-US\"},{\"@type\":\"WebPage\",\"@id\":\"https:\/\/www.alternativeyoga.fr\/#webpage\",\"url\":\"https:\/\/www.alternativeyoga.fr\/\",\"name\":\"Accueil - ALTERNATIVE YOGA\",\"isPartOf\":{\"@id\":\"https:\/\/www.alternativeyoga.fr\/#website\"},\"datePublished\":\"2022-03-02T21:58:02+00:00\",\"dateModified\":\"2022-07-10T19:20:08+00:00\",\"breadcrumb\":{\"@id\":\"https:\/\/www.alternativeyoga.fr\/#breadcrumb\"},\"inLanguage\":\"en-US\",\"potentialAction\":[{\"@type\":\"ReadAction\",\"target\":[\"https:\/\/www.alternativeyoga.fr\/\"]}]},{\"@type\":\"BreadcrumbList\",\"@id\":\"https:\/\/www.alternativeyoga.fr\/#breadcrumb\",\"itemListElement\":[{\"@type\":\"ListItem\",\"position\":1,\"name\":\"Accueil\",\"item\":\"https:\/\/www.alternativeyoga.fr\/\"},{\"@type\":\"ListItem\",\"position\":2,\"name\":\"Accueil\"}]}]}<\/script>\n<!-- \/ Yoast SEO plugin. -->","yoast_head_json":{"title":"Accueil - ALTERNATIVE YOGA","robots":{"index":"index","follow":"follow","max-snippet":"max-snippet:-1","max-image-preview":"max-image-preview:large","max-video-preview":"max-video-preview:-1"},"canonical":"https:\/\/www.alternativeyoga.fr\/","og_locale":"en_US","og_type":"article","og_title":"Accueil - ALTERNATIVE YOGA","og_description":"Apr\u00e8s la pratique du viniyoga pendant plusieurs ann\u00e9es, form\u00e9e \u00e0 l\u2019\u00e9cole de n\u00e2tha-yoga de Christian THIKOMIROFF, je vous propose une pratique visant \u00e0 l\u2019harmonie et \u00e0 l\u2019\u00e9quilibre.Le n\u00e2tha-yoga est une pratique originaire de l\u2019Inde et correspond \u00e0&nbsp;un des courants du yoga tantrique. Variation technique du hatha yoga, c&#8217;est aussi une philosophie de vie, qui vise &hellip; Continue reading \"Accueil\"","og_url":"https:\/\/www.alternativeyoga.fr\/","og_site_name":"ALTERNATIVE YOGA","article_publisher":"https:\/\/www.facebook.com\/Alternative-yoga-102173168912630","article_modified_time":"2022-07-10T19:20:08+00:00","twitter_card":"summary_large_image","twitter_misc":{"Est. reading time":"1 minute"},"schema":{"@context":"https:\/\/schema.org","@graph":[{"@type":"WebSite","@id":"https:\/\/www.alternativeyoga.fr\/#website","url":"https:\/\/www.alternativeyoga.fr\/","name":"ALTERNATIVE YOGA","description":"Cours de Hatha yoga, yoga nidra, m\u00e9ditation, sophrologie","potentialAction":[{"@type":"SearchAction","target":{"@type":"EntryPoint","urlTemplate":"https:\/\/www.alternativeyoga.fr\/?s={search_term_string}"},"query-input":"required name=search_term_string"}],"inLanguage":"en-US"},{"@type":"WebPage","@id":"https:\/\/www.alternativeyoga.fr\/#webpage","url":"https:\/\/www.alternativeyoga.fr\/","name":"Accueil - ALTERNATIVE YOGA","isPartOf":{"@id":"https:\/\/www.alternativeyoga.fr\/#website"},"datePublished":"2022-03-02T21:58:02+00:00","dateModified":"2022-07-10T19:20:08+00:00","breadcrumb":{"@id":"https:\/\/www.alternativeyoga.fr\/#breadcrumb"},"inLanguage":"en-US","potentialAction":[{"@type":"ReadAction","target":["https:\/\/www.alternativeyoga.fr\/"]}]},{"@type":"BreadcrumbList","@id":"https:\/\/www.alternativeyoga.fr\/#breadcrumb","itemListElement":[{"@type":"ListItem","position":1,"name":"Accueil","item":"https:\/\/www.alternativeyoga.fr\/"},{"@type":"ListItem","position":2,"name":"Accueil"}]}]}},"_links":{"self":[{"href":"https:\/\/www.alternativeyoga.fr\/index.php\/wp-json\/wp\/v2\/pages\/8","targetHints":{"allow":["GET"]}}],"collection":[{"href":"https:\/\/www.alternativeyoga.fr\/index.php\/wp-json\/wp\/v2\/pages"}],"about":[{"href":"https:\/\/www.alternativeyoga.fr\/index.php\/wp-json\/wp\/v2\/types\/page"}],"author":[{"embeddable":true,"href":"https:\/\/www.alternativeyoga.fr\/index.php\/wp-json\/wp\/v2\/users\/1"}],"replies":[{"embeddable":true,"href":"https:\/\/www.alternativeyoga.fr\/index.php\/wp-json\/wp\/v2\/comments?post=8"}],"version-history":[{"count":7,"href":"https:\/\/www.alternativeyoga.fr\/index.php\/wp-json\/wp\/v2\/pages\/8\/revisions"}],"predecessor-version":[{"id":120,"href":"https:\/\/www.alternativeyoga.fr\/index.php\/wp-json\/wp\/v2\/pages\/8\/revisions\/120"}],"wp:attachment":[{"href":"https:\/\/www.alternativeyoga.fr\/index.php\/wp-json\/wp\/v2\/media?parent=8"}],"curies":[{"name":"wp","href":"https:\/\/api.w.org\/{rel}","templated":true}]}}